{"id":168,"date":"2020-06-26T09:11:04","date_gmt":"2020-06-26T09:11:04","guid":{"rendered":"http:\/\/publitaxis.es\/?page_id=168"},"modified":"2022-09-29T20:48:16","modified_gmt":"2022-09-29T20:48:16","slug":"privacidad","status":"publish","type":"page","link":"https:\/\/publitaxis.es\/?page_id=168","title":{"rendered":"Privacidad"},"content":{"rendered":"\n<p>La&nbsp;<strong>pol\u00edtica de privacidad&nbsp;<\/strong>contiene las normas acerca de c\u00f3mo se recogen y gestionan los datos personales de los usuarios de una&nbsp;<strong>p\u00e1gina o sitio web<\/strong>, as\u00ed como acerca de las&nbsp;<strong>cookies<\/strong>&nbsp;utilizadas por el mismo. Este documento est\u00e1 adaptado al&nbsp;<strong>Reglamento Europeo de Protecci\u00f3n de Datos (RGPD)&nbsp;<\/strong>y a la nueva&nbsp;<strong>Ley Org\u00e1nica 3\/2018, de 5 de diciembre, de Protecci\u00f3n de Datos Personales y garant\u00eda de los derechos digitales<\/strong>.<\/p>\n\n\n\n<p>Este documento contiene las&nbsp;<strong>menciones o referencias legales<\/strong>&nbsp;que servir\u00e1n para regular las condiciones en las que el sitio o p\u00e1gina web recoge, gestiona y retiene (\u00abtrata\u00bb) los datos personales de los usuarios de Internet que acceden, navegan y utilizan el sitio o p\u00e1gina web. Tambi\u00e9n comprende los&nbsp;<strong>derechos de los usuarios<\/strong>&nbsp;y las<strong>&nbsp;obligaciones del titular del sitio web&nbsp;<\/strong>en relaci\u00f3n con el tratamiento de los datos personales.<\/p>\n\n\n\n<p>En caso de que se desee elaborar un documento que contenga todas las menciones o referencias legales que servir\u00e1n para regular las condiciones en las que los usuarios de Internet acceden, navegan y utilizan el sitio o p\u00e1gina web, incluyendo los elementos identificativos del titular, se utiliza un&nbsp;<a href=\"https:\/\/www.wonder.legal\/es\/modele\/aviso-legal-condiciones-generales-de-uso\">aviso legal y condiciones generales de uso<\/a>. Por otra parte, si se desea elaborar un documento que regule las condiciones en las que se realizan los pedidos o solicitudes de compra en el sitio web, y establecen los derechos, obligaciones y responsabilidades que corresponden a cada parte de dicha compraventa, se utilizan las&nbsp;<a href=\"https:\/\/www.wonder.legal\/es\/modele\/condiciones-generales-de-venta\">condiciones generales de venta<\/a>.<\/p>\n\n\n\n<p><br><strong>\u00bfC\u00f3mo utilizar este documento?<\/strong><\/p>\n\n\n\n<p>Este documento contiene la&nbsp;<strong>pol\u00edtica de privacidad y protecci\u00f3n de datos&nbsp;<\/strong>de un sitio web; es decir, las normas relativas al tratamiento (recogida, gesti\u00f3n y retenci\u00f3n) de datos de car\u00e1cter personal. Por tanto, su elaboraci\u00f3n es&nbsp;<strong>obligatoria<\/strong>&nbsp;para todos aquellos sitios webs que recolecten datos personales de sus usuarios. Se consideran datos personales toda aquella informaci\u00f3n que haga referencia a una persona identificada o identificable (ej. nombre, direcci\u00f3n postal, correo electr\u00f3nico, tel\u00e9fono).<\/p>\n\n\n\n<p>En respeto de la legislaci\u00f3n europea y espa\u00f1ola vigente, esta pol\u00edtica de privacidad y protecci\u00f3n de datos incorporar\u00e1 el siguiente&nbsp;<strong>contenido<\/strong>:<\/p>\n\n\n\n<ul class=\"wp-block-list\"><li>la identidad y los datos de contacto del\/los&nbsp;<strong>responsable(s) del tratamiento<\/strong>&nbsp;de los datos personales (puede tratarse del\/los titular(es) del sitio web o de personas distintas);<\/li><li>en caso de haberse nombrado un&nbsp;<strong>Delegado de Protecci\u00f3n da Datos (DPD)<\/strong>, los datos de contacto del mismo. El nombramiento de un DPD es obligatorio si el responsable del tratamiento desarrolla como actividad principal el tratamiento de datos sensibles (ej. de salud, orientaci\u00f3n pol\u00edtica) a gran escala o la observaci\u00f3n habitual y sistem\u00e1tica a gran escala de personas (ej. elaboraci\u00f3n de perfiles); o si es una autoridad u organismo p\u00fablico;<\/li><li>las&nbsp;<strong>categor\u00edas de datos personales&nbsp;<\/strong>que ser\u00e1n tratados: \u00fanicamente datos identificativos (ej. nombre, apellido, n\u00famero de tel\u00e9fono, correo electr\u00f3nico) o tambi\u00e9n datos personales sensibles o especialmente protegidos (ej. origen \u00e9tnico o racial, opiniones pol\u00edticas, convicciones religiosas o filos\u00f3ficas, afiliaci\u00f3n sindical, datos gen\u00e9ticos, datos biom\u00e9tricos, datos de salud);<\/li><li>los&nbsp;<strong>fines del tratamiento<\/strong>&nbsp;a que se destinan los datos personales;<\/li><li>el&nbsp;<strong>per\u00edodo de retenci\u00f3n de los datos personales&nbsp;<\/strong>en el sitio web;<\/li><li>los&nbsp;<strong>destinatarios de los datos personales<\/strong>&nbsp;recogidos en el sitio web;<\/li><li>la informaci\u00f3n relativa de los<strong>&nbsp;derechos derivados del tratamiento de los datos personales<\/strong>&nbsp;(acceso, rectificaci\u00f3n, supresi\u00f3n, limitaci\u00f3n, portabilidad y oposici\u00f3n).<\/li><\/ul>\n\n\n\n<p><br>Asimismo, en caso de que el sitio web cuente con&nbsp;<strong>cookies<\/strong>&nbsp;(es decir, peque\u00f1a informaci\u00f3n enviada por un sitio web y almacenada en el navegador del usuario, de manera que el sitio web puede consultar, por ejemplo, c\u00f3mo el usuario interact\u00faa con dicho sitio web), este documento incorporar\u00e1 tambi\u00e9n la&nbsp;<strong>pol\u00edtica de cookies&nbsp;<\/strong>del mismo.<\/p>\n\n\n\n<p>Esta pol\u00edtica de cookies contar\u00e1 con el siguiente&nbsp;<strong>contenido<\/strong>:<\/p>\n\n\n\n<ul class=\"wp-block-list\"><li>en caso de utilizarse, informaci\u00f3n acerca de las<strong>&nbsp;cookies propias<\/strong>&nbsp;del sitio web;<\/li><li>en caso de utilizarse, informaci\u00f3n acerca de las&nbsp;<strong>cookies de terceros<\/strong>&nbsp;del sitio web; y<\/li><li>en caso de utilizarse plugins de redes sociales (ej. Facebook, Twitter), informaci\u00f3n acerca de las&nbsp;<strong>cookies de redes sociales<\/strong>.<\/li><\/ul>\n\n\n\n<p><br>Se considera que el&nbsp;<strong>usuario acepta<\/strong>&nbsp;esta pol\u00edtica de privacidad&nbsp;<strong>a trav\u00e9s del acceso, navegaci\u00f3n y uso del sitio web<\/strong>.<\/p>\n\n\n\n<p>Teniendo en cuenta esto \u00faltimo y, especialmente, en aquellos casos en los que exista la tecnolog\u00eda de cookies, es \u00fatil prever un&nbsp;<strong>m\u00e9todo que llame la atenci\u00f3n del usuario inmediatamente al acceder al sitio web<\/strong>, por ejemplo, con una ventana emergente nada m\u00e1s acceder y que da la opci\u00f3n de aceptar y\/o consultar la pol\u00edtica de privacidad.<\/p>\n\n\n\n<p><\/p>\n","protected":false},"excerpt":{"rendered":"<p>La&nbsp;pol\u00edtica de privacidad&nbsp;contiene las normas acerca de c\u00f3mo se recogen y gestionan los datos personales de los usuarios de una&nbsp;p\u00e1gina o sitio web, as\u00ed como acerca de las&nbsp;cookies&nbsp;utilizadas por el mismo. Este documento est\u00e1 adaptado al&nbsp;Reglamento Europeo de Protecci\u00f3n de Datos (RGPD)&nbsp;y a la nueva&nbsp;Ley Org\u00e1nica 3\/2018, de 5 de diciembre, de Protecci\u00f3n de Datos [&hellip;]<\/p>\n","protected":false},"author":1,"featured_media":0,"parent":0,"menu_order":0,"comment_status":"closed","ping_status":"closed","template":"","meta":{"footnotes":""},"class_list":["post-168","page","type-page","status-publish","hentry"],"_links":{"self":[{"href":"https:\/\/publitaxis.es\/index.php?rest_route=\/wp\/v2\/pages\/168","targetHints":{"allow":["GET"]}}],"collection":[{"href":"https:\/\/publitaxis.es\/index.php?rest_route=\/wp\/v2\/pages"}],"about":[{"href":"https:\/\/publitaxis.es\/index.php?rest_route=\/wp\/v2\/types\/page"}],"author":[{"embeddable":true,"href":"https:\/\/publitaxis.es\/index.php?rest_route=\/wp\/v2\/users\/1"}],"replies":[{"embeddable":true,"href":"https:\/\/publitaxis.es\/index.php?rest_route=%2Fwp%2Fv2%2Fcomments&post=168"}],"version-history":[{"count":2,"href":"https:\/\/publitaxis.es\/index.php?rest_route=\/wp\/v2\/pages\/168\/revisions"}],"predecessor-version":[{"id":368,"href":"https:\/\/publitaxis.es\/index.php?rest_route=\/wp\/v2\/pages\/168\/revisions\/368"}],"wp:attachment":[{"href":"https:\/\/publitaxis.es\/index.php?rest_route=%2Fwp%2Fv2%2Fmedia&parent=168"}],"curies":[{"name":"wp","href":"https:\/\/api.w.org\/{rel}","templated":true}]}}